{"id":892,"date":"2022-10-20T08:56:44","date_gmt":"2022-10-20T08:56:44","guid":{"rendered":"https:\/\/www.ferjisat.com\/servicios-para-ti\/"},"modified":"2022-12-05T11:56:19","modified_gmt":"2022-12-05T11:56:19","slug":"serveis-per-a-tu","status":"publish","type":"page","link":"https:\/\/www.ferjisat.com\/ca\/serveis-per-a-tu\/","title":{"rendered":"Serveis per tu"},"content":{"rendered":"\t\t<div data-elementor-type=\"wp-page\" data-elementor-id=\"892\" class=\"elementor elementor-892\">\n\t\t\t\t\t\t\t\t\t<section class=\"elementor-section elementor-top-section elementor-element elementor-element-511f4d8e elementor-section-boxed elementor-section-height-default elementor-section-height-default parallax_section_no qode_elementor_container_no\" data-id=\"511f4d8e\" data-element_type=\"section\">\n\t\t\t\t\t\t<div class=\"elementor-container elementor-column-gap-default\">\n\t\t\t\t\t<div class=\"elementor-column elementor-col-100 elementor-top-column elementor-element elementor-element-34361e46\" data-id=\"34361e46\" data-element_type=\"column\">\n\t\t\t<div class=\"elementor-widget-wrap elementor-element-populated\">\n\t\t\t\t\t\t\t\t<div class=\"elementor-element elementor-element-508de100 elementor-widget elementor-widget-text-editor\" data-id=\"508de100\" data-element_type=\"widget\" data-widget_type=\"text-editor.default\">\n\t\t\t\t<div class=\"elementor-widget-container\">\n\t\t\t<style>\/*! elementor - v3.7.8 - 02-10-2022 *\/\n.elementor-widget-text-editor.elementor-drop-cap-view-stacked .elementor-drop-cap{background-color:#818a91;color:#fff}.elementor-widget-text-editor.elementor-drop-cap-view-framed .elementor-drop-cap{color:#818a91;border:3px solid;background-color:transparent}.elementor-widget-text-editor:not(.elementor-drop-cap-view-default) .elementor-drop-cap{margin-top:8px}.elementor-widget-text-editor:not(.elementor-drop-cap-view-default) .elementor-drop-cap-letter{width:1em;height:1em}.elementor-widget-text-editor .elementor-drop-cap{float:left;text-align:center;line-height:1;font-size:50px}.elementor-widget-text-editor .elementor-drop-cap-letter{display:inline-block}<\/style>\t\t\t\t\n<div id=\"wp-block-themeisle-blocks-advanced-columns-42308072\" class=\"wp-block-themeisle-blocks-advanced-columns has-0-columns has-desktop-undefined-layout has-tablet-equal-layout has-mobile-equal-layout has-vertical-unset\"><div class=\"wp-block-themeisle-blocks-advanced-columns-overlay\"><\/div><div class=\"innerblocks-wrap\"><\/div><\/div>\n\t\t\t\t\t\t<\/div>\n\t\t\t\t<\/div>\n\t\t\t\t\t<\/div>\n\t\t<\/div>\n\t\t\t\t\t\t\t<\/div>\n\t\t<\/section>\n\t\t\t\t<section class=\"elementor-section elementor-top-section elementor-element elementor-element-7b31129 elementor-section-boxed elementor-section-height-default elementor-section-height-default parallax_section_no qode_elementor_container_no\" data-id=\"7b31129\" data-element_type=\"section\">\n\t\t\t\t\t\t<div class=\"elementor-container elementor-column-gap-default\">\n\t\t\t\t\t<div class=\"elementor-column elementor-col-100 elementor-top-column elementor-element elementor-element-fbad460\" data-id=\"fbad460\" data-element_type=\"column\">\n\t\t\t<div class=\"elementor-widget-wrap elementor-element-populated\">\n\t\t\t\t\t\t\t\t<div class=\"elementor-element elementor-element-9ac97a3 elementor-widget elementor-widget-heading\" data-id=\"9ac97a3\" data-element_type=\"widget\" data-widget_type=\"heading.default\">\n\t\t\t\t<div class=\"elementor-widget-container\">\n\t\t\t<style>\/*! elementor - v3.7.8 - 02-10-2022 *\/\n.elementor-heading-title{padding:0;margin:0;line-height:1}.elementor-widget-heading .elementor-heading-title[class*=elementor-size-]>a{color:inherit;font-size:inherit;line-height:inherit}.elementor-widget-heading .elementor-heading-title.elementor-size-small{font-size:15px}.elementor-widget-heading .elementor-heading-title.elementor-size-medium{font-size:19px}.elementor-widget-heading .elementor-heading-title.elementor-size-large{font-size:29px}.elementor-widget-heading .elementor-heading-title.elementor-size-xl{font-size:39px}.elementor-widget-heading .elementor-heading-title.elementor-size-xxl{font-size:59px}<\/style><h2 class=\"elementor-heading-title elementor-size-default\">SERVEIS PER A TU<\/h2>\t\t<\/div>\n\t\t\t\t<\/div>\n\t\t\t\t\t<\/div>\n\t\t<\/div>\n\t\t\t\t\t\t\t<\/div>\n\t\t<\/section>\n\t\t\t\t<section class=\"elementor-section elementor-top-section elementor-element elementor-element-2b73869 elementor-section-full_width elementor-section-stretched elementor-section-height-default elementor-section-height-default parallax_section_no qode_elementor_container_no\" data-id=\"2b73869\" data-element_type=\"section\" data-settings=\"{&quot;stretch_section&quot;:&quot;section-stretched&quot;}\">\n\t\t\t\t\t\t<div class=\"elementor-container elementor-column-gap-default\">\n\t\t\t\t\t<div class=\"elementor-column elementor-col-100 elementor-top-column elementor-element elementor-element-9856612\" data-id=\"9856612\" data-element_type=\"column\">\n\t\t\t<div class=\"elementor-widget-wrap elementor-element-populated\">\n\t\t\t\t\t\t\t\t<div class=\"elementor-element elementor-element-add5b8f elementor-widget-divider--view-line elementor-widget elementor-widget-divider\" data-id=\"add5b8f\" data-element_type=\"widget\" data-widget_type=\"divider.default\">\n\t\t\t\t<div class=\"elementor-widget-container\">\n\t\t\t<style>\/*! elementor - v3.7.8 - 02-10-2022 *\/\n.elementor-widget-divider{--divider-border-style:none;--divider-border-width:1px;--divider-color:#2c2c2c;--divider-icon-size:20px;--divider-element-spacing:10px;--divider-pattern-height:24px;--divider-pattern-size:20px;--divider-pattern-url:none;--divider-pattern-repeat:repeat-x}.elementor-widget-divider .elementor-divider{display:-webkit-box;display:-ms-flexbox;display:flex}.elementor-widget-divider .elementor-divider__text{font-size:15px;line-height:1;max-width:95%}.elementor-widget-divider .elementor-divider__element{margin:0 var(--divider-element-spacing);-ms-flex-negative:0;flex-shrink:0}.elementor-widget-divider .elementor-icon{font-size:var(--divider-icon-size)}.elementor-widget-divider .elementor-divider-separator{display:-webkit-box;display:-ms-flexbox;display:flex;margin:0;direction:ltr}.elementor-widget-divider--view-line_icon .elementor-divider-separator,.elementor-widget-divider--view-line_text .elementor-divider-separator{-webkit-box-align:center;-ms-flex-align:center;align-items:center}.elementor-widget-divider--view-line_icon .elementor-divider-separator:after,.elementor-widget-divider--view-line_icon .elementor-divider-separator:before,.elementor-widget-divider--view-line_text .elementor-divider-separator:after,.elementor-widget-divider--view-line_text .elementor-divider-separator:before{display:block;content:\"\";border-bottom:0;-webkit-box-flex:1;-ms-flex-positive:1;flex-grow:1;border-top:var(--divider-border-width) var(--divider-border-style) var(--divider-color)}.elementor-widget-divider--element-align-left .elementor-divider .elementor-divider-separator>.elementor-divider__svg:first-of-type{-webkit-box-flex:0;-ms-flex-positive:0;flex-grow:0;-ms-flex-negative:100;flex-shrink:100}.elementor-widget-divider--element-align-left .elementor-divider-separator:before{content:none}.elementor-widget-divider--element-align-left .elementor-divider__element{margin-left:0}.elementor-widget-divider--element-align-right .elementor-divider .elementor-divider-separator>.elementor-divider__svg:last-of-type{-webkit-box-flex:0;-ms-flex-positive:0;flex-grow:0;-ms-flex-negative:100;flex-shrink:100}.elementor-widget-divider--element-align-right .elementor-divider-separator:after{content:none}.elementor-widget-divider--element-align-right .elementor-divider__element{margin-right:0}.elementor-widget-divider:not(.elementor-widget-divider--view-line_text):not(.elementor-widget-divider--view-line_icon) .elementor-divider-separator{border-top:var(--divider-border-width) var(--divider-border-style) var(--divider-color)}.elementor-widget-divider--separator-type-pattern{--divider-border-style:none}.elementor-widget-divider--separator-type-pattern.elementor-widget-divider--view-line .elementor-divider-separator,.elementor-widget-divider--separator-type-pattern:not(.elementor-widget-divider--view-line) .elementor-divider-separator:after,.elementor-widget-divider--separator-type-pattern:not(.elementor-widget-divider--view-line) .elementor-divider-separator:before,.elementor-widget-divider--separator-type-pattern:not([class*=elementor-widget-divider--view]) .elementor-divider-separator{width:100%;min-height:var(--divider-pattern-height);-webkit-mask-size:var(--divider-pattern-size) 100%;mask-size:var(--divider-pattern-size) 100%;-webkit-mask-repeat:var(--divider-pattern-repeat);mask-repeat:var(--divider-pattern-repeat);background-color:var(--divider-color);-webkit-mask-image:var(--divider-pattern-url);mask-image:var(--divider-pattern-url)}.elementor-widget-divider--no-spacing{--divider-pattern-size:auto}.elementor-widget-divider--bg-round{--divider-pattern-repeat:round}.rtl .elementor-widget-divider .elementor-divider__text{direction:rtl}.e-container>.elementor-widget-divider{width:var(--container-widget-width,100%);--flex-grow:var(--container-widget-flex-grow,0)}<\/style>\t\t<div class=\"elementor-divider\">\n\t\t\t<span class=\"elementor-divider-separator\">\n\t\t\t\t\t\t<\/span>\n\t\t<\/div>\n\t\t\t\t<\/div>\n\t\t\t\t<\/div>\n\t\t\t\t\t<\/div>\n\t\t<\/div>\n\t\t\t\t\t\t\t<\/div>\n\t\t<\/section>\n\t\t\t\t<section class=\"elementor-section elementor-top-section elementor-element elementor-element-5d3b22d elementor-section-boxed elementor-section-height-default elementor-section-height-default parallax_section_no qode_elementor_container_no\" data-id=\"5d3b22d\" data-element_type=\"section\">\n\t\t\t\t\t\t<div class=\"elementor-container elementor-column-gap-default\">\n\t\t\t\t\t<div class=\"elementor-column elementor-col-50 elementor-top-column elementor-element elementor-element-e6c8ec2\" data-id=\"e6c8ec2\" data-element_type=\"column\">\n\t\t\t<div class=\"elementor-widget-wrap elementor-element-populated\">\n\t\t\t\t\t\t\t\t<div class=\"elementor-element elementor-element-3c685f5 elementor-widget elementor-widget-text-editor\" data-id=\"3c685f5\" data-element_type=\"widget\" data-widget_type=\"text-editor.default\">\n\t\t\t\t<div class=\"elementor-widget-container\">\n\t\t\t\t\t\t\t<strong style=\"color: #ffffff;\">CONTACTE<\/strong>\n<br>\n<a style=\"color: #ffffff;\" href=\"mailto:ferjisat@ferjisat.com\">ferjisat@ferjisat.com<\/a>\n<p style=\"color: #ffffff;\">626 883 122<\/p>\n<a style=\"color: #ffffff;\" href=\"https:\/\/goo.gl\/maps\/vLZGfs6dB6BvdPVG9\" target=\"_blank\" rel=\"noopener\">On som<\/a>\t\t\t\t\t\t<\/div>\n\t\t\t\t<\/div>\n\t\t\t\t<div class=\"elementor-element elementor-element-57167d5 elementor-widget elementor-widget-google_maps\" data-id=\"57167d5\" data-element_type=\"widget\" data-widget_type=\"google_maps.default\">\n\t\t\t\t<div class=\"elementor-widget-container\">\n\t\t\t<style>\/*! elementor - v3.7.8 - 02-10-2022 *\/\n.elementor-widget-google_maps .elementor-widget-container{overflow:hidden}.elementor-widget-google_maps iframe{height:300px}<\/style>\t\t<div class=\"elementor-custom-embed\">\n\t\t\t<iframe frameborder=\"0\" scrolling=\"no\" marginheight=\"0\" marginwidth=\"0\"\n\t\t\t\t\tsrc=\"https:\/\/maps.google.com\/maps?q=Ctra.%20de%20Valls%2C%2089%2C%2008710%20Santa%20Margarida%20de%20Montbui%2C%20Barcelona&#038;t=m&#038;z=14&#038;output=embed&#038;iwloc=near\"\n\t\t\t\t\ttitle=\"Ctra. de Valls, 89, 08710 Santa Margarida de Montbui, Barcelona\"\n\t\t\t\t\taria-label=\"Ctra. de Valls, 89, 08710 Santa Margarida de Montbui, Barcelona\"\n\t\t\t><\/iframe>\n\t\t<\/div>\n\t\t\t\t<\/div>\n\t\t\t\t<\/div>\n\t\t\t\t\t<\/div>\n\t\t<\/div>\n\t\t\t\t<div class=\"elementor-column elementor-col-50 elementor-top-column elementor-element elementor-element-f32bc73\" data-id=\"f32bc73\" data-element_type=\"column\">\n\t\t\t<div class=\"elementor-widget-wrap elementor-element-populated\">\n\t\t\t\t\t\t\t\t<div class=\"elementor-element elementor-element-676100a elementor-widget elementor-widget-text-editor\" data-id=\"676100a\" data-element_type=\"widget\" data-widget_type=\"text-editor.default\">\n\t\t\t\t<div class=\"elementor-widget-container\">\n\t\t\t\t\t\t\t<p>AJUDA AL CLIENT<br \/>CODIS AVERIA<\/p>\t\t\t\t\t\t<\/div>\n\t\t\t\t<\/div>\n\t\t\t\t<div class=\"elementor-element elementor-element-de3de76 elementor-widget elementor-widget-text-editor\" data-id=\"de3de76\" data-element_type=\"widget\" data-widget_type=\"text-editor.default\">\n\t\t\t\t<div class=\"elementor-widget-container\">\n\t\t\t\t\t\t\t<!DOCTYPE html>\n\n<html lang=\"en\">\n\n<head>\n  <meta charset=\"UTF-8\">\n  <meta http-equiv=\"X-UA-Compatible\" content=\"IE=edge\">\n  <meta name=\"viewport\" content=\"width=device-width, initial-scale=1.0\">\n  <!--<link rel=\"stylesheet\" href=\"styles.css\">-->\n  <style>\n    .content-select {\n      max-width: 250px;\n      position: relative;\n    }\n\n    .content-select select {\n      display: inline-block;\n      width: 155%;\n      cursor: pointer;\n      padding: 7px 10px;\n      \n      height: 42px;\n      outline: 0;\n      border: 2;\n      border-radius: 0;\n      background: whitesmoke;\n      border-color: #e30513;\n      font-size: 1em;\n      color: black;\n      font-family: 'Quicksand', sans-serif;\n      border: 2px solid #e30513(0, 0, 0, 0.2);\n      border-radius: 12px;\n      position: relative;\n      transition: all 0.25s ease;\n\n    }\n\n    .content-select select:hover {\n      background: whitesmoke;\n    }\n\n    .content-input {\n      max-width: 250px;\n      position: relative;\n    }\n\n    .content-input textarea {\n      display: inline-block;\n      width: 155%;\n      cursor: pointer;\n      padding: 7px 10px;\n      height: 150px;\n      outline: 0;\n      border: 2;\n      border-radius: 0;\n      background: whitesmoke;\n      border-color: #e30513;\n      font-size: 1em;\n      color: #303030;\n      font-family: 'Quicksand', sans-serif;\n      border: 2px solid #e30513(0, 0, 0, 0.2);\n      border-radius: 12px;\n      position: relative;\n      transition: all 0.25s ease;\n      text-align: justify;\n    }\n  <\/style>\n\n  <title>Document<\/title>\n<\/head>\n\n<body>\n  <div class=\"elementor-element elementor-element-676100a elementor-widget elementor-widget-text-editor\"\n    data-id=\"676100a\" data-element_type=\"widget\" data-widget_type=\"text-editor.default\">\n    <div class=\"elementor-widget-container\">\n\n      <div>\n        <!--<input type=\"text\" list=\"codigoaveria\" \/>-->\n\n        <form>\n          <label for=\"averia\">Seleccioni el codi d&#8217;avaria<\/label>\n          <br><br>\n          <div class=\"content-select\">\n            <select id=\"averia\" onchange=\"mostrarcodigoaveria()\" >\n              <option value=\" \" selected><\/option>\n              <option\n                value=\"No hay alimentaci\u00f3n el\u00e9ctrica durante el encendido.\">AL 1<\/option>\n              <option value=\"La sonda est\u00e1 averiada.\"> AL 2<\/option>\n              <option value=\"El ventilador tangencial est\u00e1 averiado.\">AL 3<\/option>\n              <option value=\"El ventilador de los humos est\u00e1 bloqueado. \/ No llega alimentaci\u00f3n el\u00e9ctrica al ventilador de humos.\">AL 4<\/option>\n              <option value=\"El dep\u00f3sito de pellets est\u00e1 vac\u00edo. \/ La resistencia el\u00e9ctrica est\u00e1 averiada, sucia o mal ubicada. \/ Calibraci\u00f3n de la carga de pellets incorrecta.\">AL 5<\/option>\n              <option value=\"El dep\u00f3sito de pellets est\u00e1 vac\u00edo. \/ El motorreductor no carga pellets.\">AL 6<\/option>\n              <option value=\"Localizar la causa del sobrecalentamiento. \/ Rearmar con el bot\u00f3n correspondiente el termostato que ha detectado el sobrecalentamiento.\">AL 7<\/option>\n              <option value=\"La c\u00e1mara de combusti\u00f3n est\u00e1 sucia. \/ El conducto de humos est\u00e1 atascado. \/ El vacuostato est\u00e1 averiado.\">AL 8<\/option>\n              <option value=\"La c\u00e1mara de combusti\u00f3n est\u00e1 sucia. \/ El conducto de humos est\u00e1 atascado. \/ La puerta de la c\u00e1mara est\u00e1 abierta.\">AL 9<\/option>\n              <option value=\"El termostato de seguridad ha detectado una temperatura superior al l\u00edmite.\">AL A<\/option>\n              <option value=\"El control detecta que el rel\u00e9 de mando del  motorreductor est\u00e1 averiado (contactos pegados).\">AL B<\/option>\n              <option value=\"La sonda est\u00e1 averiada.\">AL C<\/option>\n              <option value=\"La sonda de temperatura instalada en la c\u00e1mara t\u00e9rmica ha detectado un valor superior a 92\u00baC.\">AL D<\/option>\n              <option value=\"El transductor de presi\u00f3n montado en el circuito hidr\u00e1ulico ha detectado una presi\u00f3n inferior o superior a los l\u00edmites establecidos.\">AL E<\/option>\n              <option value=\"La sonda est\u00e1 averiada.\">AL F<\/option>\n              <option value=\"La sonda de temperatura instalada en la c\u00e1mara t\u00e9rmica ha detectado un valor superior a 92\u00baC.\">AL G<\/option>\n              <option value=\"La sonda de temperatura instalada en la c\u00e1mara t\u00e9rmica ha detectado un valor superior a 92\u00baC.\">AL H<\/option>\n              <option value=\"La sonda est\u00e1 averiada.\">AL I<\/option>\n\n              <option value=\"El quemador no se enciende.\">A01<\/option>\n              <option value=\"Anomal\u00eda del electrodo. \/ Anomal\u00eda de la tarjeta.\">A02<\/option>\n              <option value=\"No hay llama tras la fase de encendido.\">A06<\/option>\n              <option value=\"Alta temperatura de los humos.\">A07<\/option>\n              <option value=\"Actuaci\u00f3n de la protecci\u00f3n contra temperaturas.\">A08<\/option>\n              <option value=\"No circula agua en la instalaci\u00f3n. Intercambiador obstruido.\">A09<\/option>\n              <option value=\"Anomal\u00eda A07 generada 3 veces en las \u00faltimas 24 horas.\">A14<\/option>\n              <option value=\"Par\u00e1metro mal configurado. Problemas de presi\u00f3n en la instalaci\u00f3n (transductor).\">A23<\/option>\n              <option value=\"Par\u00e1metro mal configurado. Problemas de presi\u00f3n en la instalaci\u00f3n (transductor).\">A24<\/option>\n              <option value=\"Par\u00e1metro mal configurado. Problemas de presi\u00f3n en la instalaci\u00f3n (transductor).\">A26<\/option>\n              <option value=\"Demandas de breve duraci\u00f3n repetidas.\">A44<\/option>\n              <option value=\"Superado el n\u00famero m\u00e1ximo de Reset consecutivos.\">A64<\/option>\n              <option value=\"Errores espec\u00edficos del control de combusti\u00f3n.\">A65<\/option>\n              <option value=\"Se\u00f1al de llama par\u00e1sita tras el cierre de la v\u00e1lvula.\">A80<\/option>\n              <option value=\"\uf0e0 Errores espec\u00edficos de control de la combusti\u00f3n o v\u00e1lvula del gas.\">A88<\/option>\n              <option value=\"Errores espec\u00edficos del control de combusti\u00f3n.\">A97<\/option>\n              <option value=\"Sustituci\u00f3n de la tarjeta.\">A98<\/option>\n              <option value=\"Error hardware o software de la tarjeta electr\u00f3nica.\">A99<\/option>\n\n              <option value=\"Anomal\u00eda del ventilador.\">F05<\/option>\n              <option value=\"No circula agua en la instalaci\u00f3n. Aire en la instalaci\u00f3n.\">F09<\/option>\n              <option value=\"Sensor averiado.\">F10<\/option>\n              <option value=\"Sensor averiado.\">F11<\/option>\n              <option value=\"Sensor averiado.\">F12<\/option>\n              <option value=\"Sonda averiada.\">F13<\/option>\n              <option value=\"Alta temperatura de los humos.\">F15<\/option>\n              <option value=\"Anomal\u00eda de los par\u00e1metros de la tarjeta.\">F19<\/option>\n              <option value=\"Par\u00e1metro mal configurado. Problemas de presi\u00f3n en la instalaci\u00f3n (transductor).\">F20<\/option>\n              <option value=\"Par\u00e1metro mal configurado. Problemas de presi\u00f3n en la instalaci\u00f3n (transductor).\">F21<\/option>\n              <option value=\"Problemas en la red el\u00e9ctrica.\">F34<\/option>\n              <option value=\"Problemas en la red el\u00e9ctrica.\">F35<\/option>\n              <option value=\"Presi\u00f3n incorrecta del agua de la instalaci\u00f3n.\">F37<\/option>\n              <option value=\"Anomal\u00eda de la sonda exterior.\">F39<\/option>\n              <option value=\"Par\u00e1metro mal configurado. Problemas de presi\u00f3n en la instalaci\u00f3n (transductor).\">F40<\/option>\n              <option value=\"Par\u00e1metro mal configurado. Problemas de presi\u00f3n en la instalaci\u00f3n (transductor).\">F47<\/option>\n              <option value=\"Par\u00e1metro mal configurado. Problemas de presi\u00f3n en la instalaci\u00f3n (transductor).\">F51<\/option>\n              <option value=\"Demanda de calibraci\u00f3n.\">F62<\/option>\n              <option value=\"Errores espec\u00edficos del control de combusti\u00f3n.\">F65<\/option>\n              <option value=\"Llama inestable o se\u00f1al de llama inestable tras el encendido.\">F96<\/option>\n              <option value=\"Errores espec\u00edficos del control de combusti\u00f3n.\">F98<\/option>\n              \n              \n              \n              \n\n            <\/select>\n          <\/div>\n          <br>\n          <div class=\"content-input\">\n            <textarea type=\"text\" id=\"descripcion\"><\/textarea>\n          <\/div>\n        <\/form>\n\n        <script>\n          function mostrarcodigoaveria() {\n            var averia = document.getElementById(\"averia\"),\n              descripcion = document.getElementById(\"descripcion\");\n\n            descripcion.value = averia.value;\n          }\n        <\/script>\n\n<\/body>\n\n<\/html>\t\t\t\t\t\t<\/div>\n\t\t\t\t<\/div>\n\t\t\t\t\t<\/div>\n\t\t<\/div>\n\t\t\t\t\t\t\t<\/div>\n\t\t<\/section>\n\t\t\t\t<section class=\"elementor-section elementor-top-section elementor-element elementor-element-d5d8fb9 elementor-section-boxed elementor-section-height-default elementor-section-height-default parallax_section_no qode_elementor_container_no\" data-id=\"d5d8fb9\" data-element_type=\"section\">\n\t\t\t\t\t\t<div class=\"elementor-container elementor-column-gap-default\">\n\t\t\t\t\t<div class=\"elementor-column elementor-col-100 elementor-top-column elementor-element elementor-element-5579f2b\" data-id=\"5579f2b\" data-element_type=\"column\">\n\t\t\t<div class=\"elementor-widget-wrap elementor-element-populated\">\n\t\t\t\t\t\t\t\t<div class=\"elementor-element elementor-element-da400ad elementor-widget elementor-widget-spacer\" data-id=\"da400ad\" data-element_type=\"widget\" data-widget_type=\"spacer.default\">\n\t\t\t\t<div class=\"elementor-widget-container\">\n\t\t\t<style>\/*! elementor - v3.7.8 - 02-10-2022 *\/\n.elementor-column .elementor-spacer-inner{height:var(--spacer-size)}.e-container{--container-widget-width:100%}.e-container>.elementor-widget-spacer{width:var(--container-widget-width,var(--spacer-size));-ms-flex-item-align:stretch;align-self:stretch;-ms-flex-negative:0;flex-shrink:0}.e-container>.elementor-widget-spacer>.elementor-widget-container,.e-container>.elementor-widget-spacer>.elementor-widget-container>.elementor-spacer{height:100%}.e-container>.elementor-widget-spacer>.elementor-widget-container>.elementor-spacer>.elementor-spacer-inner{height:var(--container-widget-height,var(--spacer-size))}<\/style>\t\t<div class=\"elementor-spacer\">\n\t\t\t<div class=\"elementor-spacer-inner\"><\/div>\n\t\t<\/div>\n\t\t\t\t<\/div>\n\t\t\t\t<\/div>\n\t\t\t\t\t<\/div>\n\t\t<\/div>\n\t\t\t\t\t\t\t<\/div>\n\t\t<\/section>\n\t\t\t\t<section class=\"elementor-section elementor-top-section elementor-element elementor-element-644baa1 elementor-section-full_width elementor-section-height-default elementor-section-height-default parallax_section_no qode_elementor_container_no\" data-id=\"644baa1\" data-element_type=\"section\" data-settings=\"{&quot;background_background&quot;:&quot;classic&quot;}\">\n\t\t\t\t\t\t<div class=\"elementor-container elementor-column-gap-default\">\n\t\t\t\t\t<div class=\"elementor-column elementor-col-100 elementor-top-column elementor-element elementor-element-527393a\" data-id=\"527393a\" data-element_type=\"column\">\n\t\t\t<div class=\"elementor-widget-wrap elementor-element-populated\">\n\t\t\t\t\t\t\t\t<div class=\"elementor-element elementor-element-435d134 elementor-widget elementor-widget-heading\" data-id=\"435d134\" data-element_type=\"widget\" data-widget_type=\"heading.default\">\n\t\t\t\t<div class=\"elementor-widget-container\">\n\t\t\t<h4 class=\"elementor-heading-title elementor-size-default\">CONTRACTE DE MANTENIMENT I REPARACI\u00d3 DEL PRODUCTE GRUP FERROLI<\/h4>\t\t<\/div>\n\t\t\t\t<\/div>\n\t\t\t\t\t<\/div>\n\t\t<\/div>\n\t\t\t\t\t\t\t<\/div>\n\t\t<\/section>\n\t\t\t\t\t\t\t<\/div>\n\t\t","protected":false},"excerpt":{"rendered":"<p>SERVEIS PER A TU CONTACTE ferjisat@ferjisat.com 626 883 122 On som AJUDA AL CLIENTCODIS AVERIA Document Seleccioni el codi d&#8217;avaria AL 1 AL 2AL 3AL 4AL 5AL 6AL 7AL 8AL 9AL AAL BAL CAL DAL EAL FAL GAL HAL IA01A02A06A07A08A09A14A23A24A26A44A64A65A80A88A97A98A99F05F09F10F11F12F13F15F19F20F21F34F35F37F39F40F47F51F62F65F96F98 CONTRACTE DE MANTENIMENT I REPARACI\u00d3&#8230;<\/p>\n","protected":false},"author":1,"featured_media":0,"parent":0,"menu_order":0,"comment_status":"closed","ping_status":"closed","template":"full_width.php","meta":{"footnotes":""},"class_list":["post-892","page","type-page","status-publish","hentry"],"_links":{"self":[{"href":"https:\/\/www.ferjisat.com\/ca\/wp-json\/wp\/v2\/pages\/892","targetHints":{"allow":["GET"]}}],"collection":[{"href":"https:\/\/www.ferjisat.com\/ca\/wp-json\/wp\/v2\/pages"}],"about":[{"href":"https:\/\/www.ferjisat.com\/ca\/wp-json\/wp\/v2\/types\/page"}],"author":[{"embeddable":true,"href":"https:\/\/www.ferjisat.com\/ca\/wp-json\/wp\/v2\/users\/1"}],"replies":[{"embeddable":true,"href":"https:\/\/www.ferjisat.com\/ca\/wp-json\/wp\/v2\/comments?post=892"}],"version-history":[{"count":16,"href":"https:\/\/www.ferjisat.com\/ca\/wp-json\/wp\/v2\/pages\/892\/revisions"}],"predecessor-version":[{"id":1130,"href":"https:\/\/www.ferjisat.com\/ca\/wp-json\/wp\/v2\/pages\/892\/revisions\/1130"}],"wp:attachment":[{"href":"https:\/\/www.ferjisat.com\/ca\/wp-json\/wp\/v2\/media?parent=892"}],"curies":[{"name":"wp","href":"https:\/\/api.w.org\/{rel}","templated":true}]}}