{"id":944,"date":"2022-11-10T09:17:17","date_gmt":"2022-11-10T09:17:17","guid":{"rendered":"https:\/\/www.ferjisat.com\/avis-legal\/"},"modified":"2026-02-09T12:32:27","modified_gmt":"2026-02-09T12:32:27","slug":"avis-legal","status":"publish","type":"page","link":"https:\/\/www.ferjisat.com\/ca\/avis-legal\/","title":{"rendered":"AV\u00cdS LEGAL"},"content":{"rendered":"\t\t<div data-elementor-type=\"wp-page\" data-elementor-id=\"944\" class=\"elementor elementor-944\">\n\t\t\t\t\t\t\t\t\t<section class=\"elementor-section elementor-top-section elementor-element elementor-element-5b46428e elementor-section-boxed elementor-section-height-default elementor-section-height-default parallax_section_no qode_elementor_container_no\" data-id=\"5b46428e\" data-element_type=\"section\">\n\t\t\t\t\t\t<div class=\"elementor-container elementor-column-gap-default\">\n\t\t\t\t\t<div class=\"elementor-column elementor-col-100 elementor-top-column elementor-element elementor-element-26cf63f7\" data-id=\"26cf63f7\" data-element_type=\"column\">\n\t\t\t<div class=\"elementor-widget-wrap elementor-element-populated\">\n\t\t\t\t\t\t\t\t<div class=\"elementor-element elementor-element-12ae1b8a elementor-widget elementor-widget-text-editor\" data-id=\"12ae1b8a\" data-element_type=\"widget\" data-widget_type=\"text-editor.default\">\n\t\t\t\t<div class=\"elementor-widget-container\">\n\t\t\t<style>\/*! elementor - v3.7.8 - 02-10-2022 *\/\n.elementor-widget-text-editor.elementor-drop-cap-view-stacked .elementor-drop-cap{background-color:#818a91;color:#fff}.elementor-widget-text-editor.elementor-drop-cap-view-framed .elementor-drop-cap{color:#818a91;border:3px solid;background-color:transparent}.elementor-widget-text-editor:not(.elementor-drop-cap-view-default) .elementor-drop-cap{margin-top:8px}.elementor-widget-text-editor:not(.elementor-drop-cap-view-default) .elementor-drop-cap-letter{width:1em;height:1em}.elementor-widget-text-editor .elementor-drop-cap{float:left;text-align:center;line-height:1;font-size:50px}.elementor-widget-text-editor .elementor-drop-cap-letter{display:inline-block}<\/style>\t\t\t\t<!-- wp:themeisle-blocks\/advanced-columns {\"id\":\"wp-block-themeisle-blocks-advanced-columns-748e5ce3\",\"columns\":0} -->\n<div id=\"wp-block-themeisle-blocks-advanced-columns-748e5ce3\" class=\"wp-block-themeisle-blocks-advanced-columns has-0-columns has-desktop-undefined-layout has-tablet-equal-layout has-mobile-equal-layout has-vertical-unset\"><div class=\"wp-block-themeisle-blocks-advanced-columns-overlay\"><\/div><div class=\"innerblocks-wrap\"><\/div><\/div>\n<!-- \/wp:themeisle-blocks\/advanced-columns -->\t\t\t\t\t\t<\/div>\n\t\t\t\t<\/div>\n\t\t\t\t\t<\/div>\n\t\t<\/div>\n\t\t\t\t\t\t\t<\/div>\n\t\t<\/section>\n\t\t\t\t<section class=\"elementor-section elementor-top-section elementor-element elementor-element-11c7b80 elementor-section-boxed elementor-section-height-default elementor-section-height-default parallax_section_no qode_elementor_container_no\" data-id=\"11c7b80\" data-element_type=\"section\">\n\t\t\t\t\t\t<div class=\"elementor-container elementor-column-gap-default\">\n\t\t\t\t\t<div class=\"elementor-column elementor-col-100 elementor-top-column elementor-element elementor-element-25adfa7\" data-id=\"25adfa7\" data-element_type=\"column\">\n\t\t\t<div class=\"elementor-widget-wrap elementor-element-populated\">\n\t\t\t\t\t\t\t\t<div class=\"elementor-element elementor-element-c751fb1 elementor-widget elementor-widget-heading\" data-id=\"c751fb1\" data-element_type=\"widget\" data-widget_type=\"heading.default\">\n\t\t\t\t<div class=\"elementor-widget-container\">\n\t\t\t<style>\/*! elementor - v3.7.8 - 02-10-2022 *\/\n.elementor-heading-title{padding:0;margin:0;line-height:1}.elementor-widget-heading .elementor-heading-title[class*=elementor-size-]>a{color:inherit;font-size:inherit;line-height:inherit}.elementor-widget-heading .elementor-heading-title.elementor-size-small{font-size:15px}.elementor-widget-heading .elementor-heading-title.elementor-size-medium{font-size:19px}.elementor-widget-heading .elementor-heading-title.elementor-size-large{font-size:29px}.elementor-widget-heading .elementor-heading-title.elementor-size-xl{font-size:39px}.elementor-widget-heading .elementor-heading-title.elementor-size-xxl{font-size:59px}<\/style><h2 class=\"elementor-heading-title elementor-size-default\">AV\u00cdS LEGAL<\/h2>\t\t<\/div>\n\t\t\t\t<\/div>\n\t\t\t\t<div class=\"elementor-element elementor-element-f21692e elementor-widget elementor-widget-text-editor\" data-id=\"f21692e\" data-element_type=\"widget\" data-widget_type=\"text-editor.default\">\n\t\t\t\t<div class=\"elementor-widget-container\">\n\t\t\t\t\t\t\t<ol>\n<li style=\"color: #ffffff;\"><strong>DADES IDENTIFICATIVES<\/strong><\/li>\n<\/ol>\n<p>En compliment amb el deure d\u2019informaci\u00f3 recollit a l&#8217;article 10 de la Llei 34\/2002, de l\u201911 de juliol, de Serveis de la Societat de la Informaci\u00f3 i del Comer\u00e7 Electr\u00f2nic, a continuaci\u00f3 es reflecteixen les dades seg\u00fcents: el titular del domini web \u00e9s Ferjisat Assist\u00e8ncia T\u00e8cnica SL (NIF B25964560), i gestionat per Ferjisat Assist\u00e8ncia T\u00e8cnica SL, Ctra. de Valls, 89, 08710 Santa Margarida de Montbui, Barcelona.<\/p>\n<p>\u00a0<\/p>\n<ol start=\"2\">\n<li style=\"color: #ffffff;\"><strong>USUARIS<\/strong><\/li>\n<\/ol>\n<p>L\u00b4acc\u00e9s i\/o \u00fas d\u00b4aquest portal gestionat per Ferjisat Assist\u00e8ncia T\u00e8cnica SL atribueix la condici\u00f3 d&#8217;USUARI, que accepta, des d&#8217;aquest acc\u00e9s i\/o \u00fas, les Condicions Generals d&#8217;\u00das reflectides aqu\u00ed.<\/p>\n<p>\u00a0<\/p>\n<ol start=\"3\">\n<li style=\"color: #ffffff;\"><strong>\u00daS DEL PORTAL<\/strong><\/li>\n<\/ol>\n<p>Ferjisat Assist\u00e8ncia T\u00e8cnica SL proporciona l&#8217;acc\u00e9s a multitud d&#8217;informacions (d&#8217;ara en endavant, els continguts) a Internet pertanyents a Ferjisat Assist\u00e8ncia T\u00e8cnica SL o als seus llicenciants als quals l&#8217;usuari pugui tenir acc\u00e9s. L&#8217;usuari assumeix la responsabilitat de fer servir el portal. Aquesta responsabilitat s&#8217;ext\u00e9n al registre necessari per accedir a determinats serveis o continguts.<\/p>\n<p>En aquest registre, l&#8217;USUARI ser\u00e0 responsable d&#8217;aportar informaci\u00f3 vera\u00e7 i l\u00edcita. L&#8217;usuari es compromet a fer-ne un \u00fas adequat dels continguts Ferjisat Assist\u00e8ncia T\u00e8cnica SL ofereix a trav\u00e9s del seu portal i amb car\u00e0cter enunciatiu per\u00f2 no limitatiu, a no fer-los servir per (I) inc\u00f3rrer en activitats il\u00b7l\u00edcites, il\u00b7legals o contr\u00e0ries a la bona fe ia l&#8217;ordre p\u00fablic; (II) difondre continguts o propaganda de car\u00e0cter racista, xen\u00f2fob, pornogr\u00e0fic-il\u00b7legal, d&#8217;apologia del terrorisme o atemptatori contra els drets humans; (III) provocar danys als sistemes f\u00edsics i l\u00f2gics de SADI Software, s.l. creadora del lloc web, dels seus prove\u00efdors o de terceres persones, introduir o difondre a la xarxa virus inform\u00e0tics o qualssevol altres sistemes f\u00edsics o l\u00f2gics que siguin susceptibles de provocar els danys anteriorment esmentats; (IV) intentar accedir i, si s\u2019escau, utilitzar els comptes de correu electr\u00f2nic d&#8217;altres usuaris i modificar manipular els seus missatges. Ferjisat Assist\u00e8ncia T\u00e8cnica SL es reserva el dret de retirar tots aquells comentaris i aportacions que vulnerin el respecte a la dignitat de la persona, que siguin discriminatoris, xen\u00f2fobs, racistes, pornogr\u00e0fics, que atemptin contra la joventut o la inf\u00e0ncia, l&#8217;ordre o la seguretat p\u00fablica o que, a parer seu, no fossin adequats per a la seva publicaci\u00f3. En tot cas, Ferjisat Assist\u00e8ncia T\u00e8cnica SL no ser\u00e0 responsable de les opinions abocades pels usuaris a trav\u00e9s dels f\u00f2rums, xats, o altres eines de participaci\u00f3.<\/p>\n<p>\u00a0<\/p>\n<ol start=\"4\">\n<li style=\"color: #ffffff;\"><strong>PROTECCI\u00d3 DE DADES<\/strong><\/li>\n<\/ol>\n<p>Ferjisat Assist\u00e8ncia T\u00e8cnica SL compleix les directrius de la Llei Org\u00e0nica 15\/1999 de 13 de desembre de Protecci\u00f3 de Dades de Car\u00e0cter Personal, el Reial Decret 1720\/2007 de 21 de desembre, pel qual s&#8217;aprova el Reglament de desplegament de la Llei Org\u00e0nica i la resta de normativa vigent a cada moment, i vetlla per garantir un correcte \u00fas i tractament de les dades personals de l&#8217;usuari. Per aix\u00f2, juntament amb cada formulari de recaptaci\u00f3 de dades de car\u00e0cter personal, als serveis que l&#8217;usuari pugui sol\u00b7licitar a Ferjisat Assist\u00e8ncia T\u00e8cnica SL de fer saber a l&#8217;usuari de l&#8217;exist\u00e8ncia i acceptaci\u00f3 de les condicions particulars del tractament de les vostres dades en cada cas, informant-vos de la responsabilitat del fitxer creat, l&#8217;adre\u00e7a del responsable, la possibilitat d&#8217;exercir els vostres drets d&#8217;acc\u00e9s, rectificaci\u00f3, cancel\u00b7laci\u00f3 o oposici\u00f3, la finalitat del tractament i les comunicacions de dades a tercers si s\u2019escau.<\/p>\n<p>Aix\u00ed mateix, Ferjisat Assist\u00e8ncia T\u00e8cnica SL informa que d\u00f3na compliment a la Llei 34\/2002 d&#8217;11 de juliol, de Serveis de la Societat de la Informaci\u00f3 i el Comer\u00e7 Electr\u00f2nic i us sol\u00b7licitar\u00e0 el vostre consentiment al tractament del vostre correu electr\u00f2nic amb finalitats comercials en cada moment.<\/p>\n<p>\u00a0<\/p>\n<p>\u00a0<\/p>\n<ol start=\"5\">\n<li style=\"color: #ffffff;\"><strong>PROPIETAT INTEL\u00b7LECTUAL I INDUSTRIAL<\/strong><\/li>\n<\/ol>\n<p>Ferjisat Assist\u00e8ncia T\u00e8cnica SL per si o com a cession\u00e0ria, \u00e9s titular de tots els drets de propietat intel\u00b7lectual i industrial de la seva p\u00e0gina web, aix\u00ed com dels elements continguts a la mateixa (a t\u00edtol enunciatiu, imatges, so, \u00e0udio, v\u00eddeo, programari o textos; marques o logotips, combinacions de colors, estructura i disseny, selecci\u00f3 de materials usats, programes dordinador necessaris per al seu funcionament, acc\u00e9s i \u00fas, etc.), titularitat de Ferjisat Assist\u00e8ncia T\u00e8cnica SL o b\u00e9 dels seus llicenciants.<\/p>\n<p>\u00a0<\/p>\n<ol start=\"6\">\n<li style=\"color: #ffffff;\"><strong>EXCLUSI\u00d3 DE GARANTIES I RESPONSABILITAT<\/strong><\/li>\n<\/ol>\n<p>Ferjisat Assist\u00e8ncia T\u00e8cnica SL no es fa responsable, en cap cas, dels danys i perjudicis de qualsevol naturalesa que poguessin ocasionar, a t\u00edtol enunciatiu: errors o omissions en els continguts, manca de disponibilitat del portal o la transmissi\u00f3 de virus o programes maliciosos o lesius en els continguts, malgrat haver adoptat totes les mesures tecnol\u00f2giques necess\u00e0ries per evitar-ho.<\/p>\n<p>Tots els drets reservats. En virtut del que disposen els articles 8 i 32.1, par\u00e0graf segon, de la Llei de propietat intel\u00b7lectual, queden expressament prohibides la reproducci\u00f3, la distribuci\u00f3 i la comunicaci\u00f3 p\u00fablica, inclosa la seva modalitat de posada a disposici\u00f3, de la totalitat o part dels continguts d&#8217;aquesta p\u00e0gina web, amb finalitats comercials, a qualsevol suport i per qualsevol mitj\u00e0 t\u00e8cnic, sense l&#8217;autoritzaci\u00f3 de Ferjisat Assist\u00e8ncia T\u00e8cnica SL. L&#8217;usuari es compromet a respectar els drets de propietat intel\u00b7lectual i industrial titularitat de Ferjisat Assist\u00e8ncia T\u00e8cnica SL. Podreu visualitzar els elements del portal i fins i tot imprimir-los, copiar-los i emmagatzemar-los al disc dur del vostre ordinador o en qualsevol altre suport f\u00edsic sempre que sigui, \u00fanica i exclusivament, per al seu \u00fas personal i privat. L&#8217;usuari haur\u00e0 d&#8217;abstenir-se de suprimir, alterar, eludir o manipular qualsevol dispositiu de protecci\u00f3 o sistema de seguretat que estigu\u00e9s instal\u00b7lat a les p\u00e0gines de Ferjisat Assist\u00e8ncia T\u00e8cnica SL.<\/p>\n<p>\u00a0<\/p>\n<p>\u00a0<\/p>\n<ol start=\"7\">\n<li style=\"color: #ffffff;\"><strong>MODIFICACIONS<\/strong><\/li>\n<\/ol>\n<p>Ferjisat Assist\u00e8ncia T\u00e8cnica SL es reserva el dret d&#8217;efectuar sense previ av\u00eds les modificacions que consideri oportunes al seu portal, podent canviar, suprimir o afegir tant els continguts i serveis que es prestin a trav\u00e9s d&#8217;aquesta com la forma en qu\u00e8 aquests apareguin presentats o localitzats al portal .<\/p>\n<p>\u00a0<\/p>\n<ol start=\"8\">\n<li style=\"color: #ffffff;\"><strong>ENLLA\u00c7OS<\/strong><\/li>\n<\/ol>\n<p>En cas que a Ferjisat Assist\u00e8ncia T\u00e8cnica SL es disposessin enlla\u00e7os o hipervincles cap a altres llocs d&#8217;Internet, Ferjisat Assist\u00e8ncia T\u00e8cnica SL no exercir\u00e0 cap tipus de control sobre aquests llocs i continguts. En cap cas, Ferjisat Assist\u00e8ncia T\u00e8cnica SL assumir\u00e0 cap responsabilitat pels continguts d&#8217;algun enlla\u00e7 pertanyent a un lloc web ali\u00e8, ni garantir\u00e0 la disponibilitat t\u00e8cnica, qualitat, fiabilitat, exactitud, amplitud, veracitat, validesa i constitucionalitat de qualsevol material o informaci\u00f3 continguda en cap d&#8217;aquests hipervincles o altres llocs de Internet. Igualment, la inclusi\u00f3 d&#8217;aquestes connexions externes no implicar\u00e0 cap tipus d&#8217;associaci\u00f3, fusi\u00f3 o participaci\u00f3 amb les entitats connectades.<\/p>\n<p>\u00a0<\/p>\n<ol start=\"9\">\n<li style=\"color: #ffffff;\"><strong>DRET D&#8217;EXCLUSI\u00d3<\/strong><\/li>\n<\/ol>\n<p>Ferjisat Assist\u00e8ncia T\u00e8cnica SL es reserva el dret a denegar o retirar l&#8217;acc\u00e9s al portal i\/o als serveis oferts sense necessitat de preav\u00eds, a inst\u00e0ncia pr\u00f2pia o d&#8217;un tercer, a aquells usuaris que incompleixin aquestes Condicions Generals d&#8217;\u00das.<\/p>\n<p>\u00a0<\/p>\n<ol start=\"10\">\n<li style=\"color: #ffffff;\"><strong>GENERALITATS<\/strong><\/li>\n<\/ol>\n<p>Ferjisat Assist\u00e8ncia T\u00e8cnica SL perseguir\u00e0 l&#8217;incompliment de les presents condicions aix\u00ed com qualsevol utilitzaci\u00f3 indeguda del portal exercint totes les accions civils i penals que li puguin correspondre en dret.<\/p>\n<p>\u00a0<\/p>\n<ol start=\"11\">\n<li style=\"color: #ffffff;\"><strong>MODIFICACI\u00d3 DE LES PRESENTS CONDICIONS I DURADA<\/strong><\/li>\n<\/ol>\n<p>Ferjisat Assist\u00e8ncia T\u00e8cnica SL podr\u00e0 modificar en qualsevol moment les condicions aqu\u00ed determinades, sent degudament publicades com apareixen aqu\u00ed.<\/p>\n<p>La vig\u00e8ncia de les condicions esmentades anir\u00e0 en funci\u00f3 de la seva exposici\u00f3 i estaran vigents fins que siguin degudament publicades o que siguin modificades per altres.<\/p>\n<p>\u00a0<\/p>\n<ol start=\"12\">\n<li style=\"color: #ffffff;\"><strong>LEGISLACI\u00d3 APLICABLE I JURISDICCI\u00d3<\/strong><\/li>\n<\/ol>\n<p>La relaci\u00f3 entre Ferjisat Assist\u00e8ncia T\u00e8cnica SL i l&#8217;USUARI es regir\u00e0 per la normativa espanyola vigent i qualsevol controv\u00e8rsia se sotmetr\u00e0 als jutjats i tribunals de la ciutat de Barcelona.<\/p>\t\t\t\t\t\t<\/div>\n\t\t\t\t<\/div>\n\t\t\t\t\t<\/div>\n\t\t<\/div>\n\t\t\t\t\t\t\t<\/div>\n\t\t<\/section>\n\t\t\t\t\t\t\t<\/div>\n\t\t","protected":false},"excerpt":{"rendered":"<p>AV\u00cdS LEGAL DADES IDENTIFICATIVES En compliment amb el deure d\u2019informaci\u00f3 recollit a l&#8217;article 10 de la Llei 34\/2002, de l\u201911 de juliol, de Serveis de la Societat de la Informaci\u00f3 i del Comer\u00e7 Electr\u00f2nic, a continuaci\u00f3 es reflecteixen les dades seg\u00fcents: el titular del domini&#8230;<\/p>\n","protected":false},"author":1,"featured_media":0,"parent":0,"menu_order":0,"comment_status":"closed","ping_status":"closed","template":"","meta":{"footnotes":""},"class_list":["post-944","page","type-page","status-publish","hentry"],"_links":{"self":[{"href":"https:\/\/www.ferjisat.com\/ca\/wp-json\/wp\/v2\/pages\/944","targetHints":{"allow":["GET"]}}],"collection":[{"href":"https:\/\/www.ferjisat.com\/ca\/wp-json\/wp\/v2\/pages"}],"about":[{"href":"https:\/\/www.ferjisat.com\/ca\/wp-json\/wp\/v2\/types\/page"}],"author":[{"embeddable":true,"href":"https:\/\/www.ferjisat.com\/ca\/wp-json\/wp\/v2\/users\/1"}],"replies":[{"embeddable":true,"href":"https:\/\/www.ferjisat.com\/ca\/wp-json\/wp\/v2\/comments?post=944"}],"version-history":[{"count":6,"href":"https:\/\/www.ferjisat.com\/ca\/wp-json\/wp\/v2\/pages\/944\/revisions"}],"predecessor-version":[{"id":1165,"href":"https:\/\/www.ferjisat.com\/ca\/wp-json\/wp\/v2\/pages\/944\/revisions\/1165"}],"wp:attachment":[{"href":"https:\/\/www.ferjisat.com\/ca\/wp-json\/wp\/v2\/media?parent=944"}],"curies":[{"name":"wp","href":"https:\/\/api.w.org\/{rel}","templated":true}]}}