{"id":945,"date":"2022-11-10T09:25:10","date_gmt":"2022-11-10T09:25:10","guid":{"rendered":"https:\/\/www.ferjisat.com\/politica-de-cookies\/"},"modified":"2022-11-15T09:39:18","modified_gmt":"2022-11-15T09:39:18","slug":"politica-de-cookies","status":"publish","type":"page","link":"https:\/\/www.ferjisat.com\/ca\/politica-de-cookies\/","title":{"rendered":"Pol\u00edtica de Cookies"},"content":{"rendered":"\t\t<div data-elementor-type=\"wp-page\" data-elementor-id=\"945\" class=\"elementor elementor-945\">\n\t\t\t\t\t\t\t\t\t<section class=\"elementor-section elementor-top-section elementor-element elementor-element-4036509b elementor-section-boxed elementor-section-height-default elementor-section-height-default parallax_section_no qode_elementor_container_no\" data-id=\"4036509b\" data-element_type=\"section\">\n\t\t\t\t\t\t<div class=\"elementor-container elementor-column-gap-default\">\n\t\t\t\t\t<div class=\"elementor-column elementor-col-100 elementor-top-column elementor-element elementor-element-62050e7e\" data-id=\"62050e7e\" data-element_type=\"column\">\n\t\t\t<div class=\"elementor-widget-wrap elementor-element-populated\">\n\t\t\t\t\t\t\t\t<div class=\"elementor-element elementor-element-1903678 elementor-widget elementor-widget-text-editor\" data-id=\"1903678\" data-element_type=\"widget\" data-widget_type=\"text-editor.default\">\n\t\t\t\t<div class=\"elementor-widget-container\">\n\t\t\t<style>\/*! elementor - v3.7.8 - 02-10-2022 *\/\n.elementor-widget-text-editor.elementor-drop-cap-view-stacked .elementor-drop-cap{background-color:#818a91;color:#fff}.elementor-widget-text-editor.elementor-drop-cap-view-framed .elementor-drop-cap{color:#818a91;border:3px solid;background-color:transparent}.elementor-widget-text-editor:not(.elementor-drop-cap-view-default) .elementor-drop-cap{margin-top:8px}.elementor-widget-text-editor:not(.elementor-drop-cap-view-default) .elementor-drop-cap-letter{width:1em;height:1em}.elementor-widget-text-editor .elementor-drop-cap{float:left;text-align:center;line-height:1;font-size:50px}.elementor-widget-text-editor .elementor-drop-cap-letter{display:inline-block}<\/style>\t\t\t\t<!-- wp:themeisle-blocks\/advanced-columns {\"id\":\"wp-block-themeisle-blocks-advanced-columns-a9ce072f\",\"columns\":0} -->\n<div id=\"wp-block-themeisle-blocks-advanced-columns-a9ce072f\" class=\"wp-block-themeisle-blocks-advanced-columns has-0-columns has-desktop-undefined-layout has-tablet-equal-layout has-mobile-equal-layout has-vertical-unset\"><div class=\"wp-block-themeisle-blocks-advanced-columns-overlay\"><\/div><div class=\"innerblocks-wrap\"><\/div><\/div>\n<!-- \/wp:themeisle-blocks\/advanced-columns -->\t\t\t\t\t\t<\/div>\n\t\t\t\t<\/div>\n\t\t\t\t\t<\/div>\n\t\t<\/div>\n\t\t\t\t\t\t\t<\/div>\n\t\t<\/section>\n\t\t\t\t<section class=\"elementor-section elementor-top-section elementor-element elementor-element-a777ae6 elementor-section-boxed elementor-section-height-default elementor-section-height-default parallax_section_no qode_elementor_container_no\" data-id=\"a777ae6\" data-element_type=\"section\">\n\t\t\t\t\t\t<div class=\"elementor-container elementor-column-gap-default\">\n\t\t\t\t\t<div class=\"elementor-column elementor-col-100 elementor-top-column elementor-element elementor-element-b51180a\" data-id=\"b51180a\" data-element_type=\"column\">\n\t\t\t<div class=\"elementor-widget-wrap elementor-element-populated\">\n\t\t\t\t\t\t\t\t<div class=\"elementor-element elementor-element-5db00df elementor-widget elementor-widget-heading\" data-id=\"5db00df\" data-element_type=\"widget\" data-widget_type=\"heading.default\">\n\t\t\t\t<div class=\"elementor-widget-container\">\n\t\t\t<style>\/*! elementor - v3.7.8 - 02-10-2022 *\/\n.elementor-heading-title{padding:0;margin:0;line-height:1}.elementor-widget-heading .elementor-heading-title[class*=elementor-size-]>a{color:inherit;font-size:inherit;line-height:inherit}.elementor-widget-heading .elementor-heading-title.elementor-size-small{font-size:15px}.elementor-widget-heading .elementor-heading-title.elementor-size-medium{font-size:19px}.elementor-widget-heading .elementor-heading-title.elementor-size-large{font-size:29px}.elementor-widget-heading .elementor-heading-title.elementor-size-xl{font-size:39px}.elementor-widget-heading .elementor-heading-title.elementor-size-xxl{font-size:59px}<\/style><h2 class=\"elementor-heading-title elementor-size-default\">Pol\u00edtica de cookies<\/h2>\t\t<\/div>\n\t\t\t\t<\/div>\n\t\t\t\t<div class=\"elementor-element elementor-element-86f503c elementor-widget elementor-widget-text-editor\" data-id=\"86f503c\" data-element_type=\"widget\" data-widget_type=\"text-editor.default\">\n\t\t\t\t<div class=\"elementor-widget-container\">\n\t\t\t\t\t\t\t<p>Des de Ferjisat desitgem informar-vos que la nostra p\u00e0gina web utilitza cookies per analitzar la navegaci\u00f3 d&#8217;usuaris.<\/p>\n<p>\u00a0<\/p>\n<p>Les cookies s\u00f3n uns fitxers que s&#8217;instal\u00b7len a l&#8217;equip des del qual accedeixes a la nostra web amb les finalitats que es descriuen en aquesta p\u00e0gina.<\/p>\n<p>\u00a0<\/p>\n<p>L&#8217;aplicaci\u00f3 que fem servir per obtenir i analitzar la informaci\u00f3 de la navegaci\u00f3 \u00e9s:<\/p>\n<p>\u00a0<\/p>\n<p>GoogleAnalytics: www.google.com\/analytics\/ y www.google.es\/intl\/es\/analytics\/privacyoverview.html<\/p>\n<p>\u00a0<\/p>\n<p>Aquesta aplicaci\u00f3 ha estat desenvolupada per Google, que ens presta el servei d\u2019an\u00e0lisi de l\u2019audi\u00e8ncia de la nostra p\u00e0gina. Aquesta empresa pot utilitzar aquestes dades per millorar els seus propis serveis i oferir serveis a altres empreses. Podeu con\u00e8ixer aquests altres usos des dels enlla\u00e7os indicats.<\/p>\n<p>\u00a0<\/p>\n<p>Aquesta eina no obt\u00e9 dades dels noms o els cognoms dels usuaris ni de l&#8217;adre\u00e7a postal des d&#8217;on es connecten. La informaci\u00f3 que obt\u00e9 est\u00e0 relacionada per exemple amb el nombre de p\u00e0gines visitades, l&#8217;idioma, la xarxa social on es publiquen les nostres not\u00edcies, la ciutat a la qual est\u00e0 assignada l&#8217;adre\u00e7a IP des de la qual accedeixen els usuaris, el nombre d&#8217;usuaris que ens visiten, la freq\u00fc\u00e8ncia i reincid\u00e8ncia de les visites, el temps de visita, el navegador que usen, l&#8217;operador o tipus de terminal des del qual es fa la visita.<\/p>\n<p>\u00a0<\/p>\n<p>Aquesta informaci\u00f3 la utilitzem per millorar la nostra p\u00e0gina, detectar noves necessitats i valorar les millores que cal introduir amb la finalitat de prestar un millor servei als usuaris que ens visiten.<\/p>\n<p>\u00a0<\/p>\n<p>Hi ha tres tipologies de cookies:<\/p>\n<p>Les galetes d&#8217;anal\u00edtica web, per obtenir informaci\u00f3 estad\u00edstica de la navegaci\u00f3.<\/p>\n<p>Les de seguiment, per enviar publicitat basada en el comportament.<\/p>\n<p>Les que porten aparellades certs plugins socials, quan fan seguiment de l&#8217;activitat dels usuaris.<\/p>\n<p>\u00a0<\/p>\n<p>En el cas Ferjisat nom\u00e9s fem servir les galetes d&#8217;anal\u00edtica web, que ens permeten demanar informaci\u00f3 merament estad\u00edstica de la navegaci\u00f3 dels usuaris per poder millorar la nostra p\u00e0gina web.<\/p>\n<p>\u00a0<\/p>\n<p>Per permetre, con\u00e8ixer, bloquejar o eliminar les cookies instal\u00b7lades al teu equip pots fer-ho mitjan\u00e7ant la configuraci\u00f3 de les opcions del navegador instal\u00b7lat al teu ordinador.<\/p>\n<p>\u00a0<\/p>\n<p>Per exemple pots trobar informaci\u00f3 sobre com fer-ho en el cas que facis servir com a navegador:<\/p>\n<p>Firefox des d&#8217;aqu\u00ed: https:\/\/support.mozilla.org\/es\/kb\/habilitar-y-deshabilitar-cookies-que-los-sitios-we<\/p>\n<p>Chrome des d&#8217;aqu\u00ed: https:\/\/support.google.com\/chrome\/bin\/answer.py?hl=ca&amp;answer=95647<\/p>\n<p>Explorer des d&#8217;aqu\u00ed: https:\/\/windows.microsoft.com\/es-es\/windows7\/how-to-manage-cookies-in-internet-explorer-9<\/p>\n<p>Safari des d&#8217;aqu\u00ed: https:\/\/support.apple.com\/kb\/ph5042<\/p>\n<p>Opera des d&#8217;aqu\u00ed: https:\/\/help.opera.com\/Wi<\/p>\t\t\t\t\t\t<\/div>\n\t\t\t\t<\/div>\n\t\t\t\t\t<\/div>\n\t\t<\/div>\n\t\t\t\t\t\t\t<\/div>\n\t\t<\/section>\n\t\t\t\t\t\t\t<\/div>\n\t\t","protected":false},"excerpt":{"rendered":"<p>Pol\u00edtica de cookies Des de Ferjisat desitgem informar-vos que la nostra p\u00e0gina web utilitza cookies per analitzar la navegaci\u00f3 d&#8217;usuaris. \u00a0 Les cookies s\u00f3n uns fitxers que s&#8217;instal\u00b7len a l&#8217;equip des del qual accedeixes a la nostra web amb les finalitats que es descriuen en&#8230;<\/p>\n","protected":false},"author":1,"featured_media":0,"parent":0,"menu_order":0,"comment_status":"closed","ping_status":"closed","template":"","meta":{"footnotes":""},"class_list":["post-945","page","type-page","status-publish","hentry"],"_links":{"self":[{"href":"https:\/\/www.ferjisat.com\/ca\/wp-json\/wp\/v2\/pages\/945","targetHints":{"allow":["GET"]}}],"collection":[{"href":"https:\/\/www.ferjisat.com\/ca\/wp-json\/wp\/v2\/pages"}],"about":[{"href":"https:\/\/www.ferjisat.com\/ca\/wp-json\/wp\/v2\/types\/page"}],"author":[{"embeddable":true,"href":"https:\/\/www.ferjisat.com\/ca\/wp-json\/wp\/v2\/users\/1"}],"replies":[{"embeddable":true,"href":"https:\/\/www.ferjisat.com\/ca\/wp-json\/wp\/v2\/comments?post=945"}],"version-history":[{"count":6,"href":"https:\/\/www.ferjisat.com\/ca\/wp-json\/wp\/v2\/pages\/945\/revisions"}],"predecessor-version":[{"id":954,"href":"https:\/\/www.ferjisat.com\/ca\/wp-json\/wp\/v2\/pages\/945\/revisions\/954"}],"wp:attachment":[{"href":"https:\/\/www.ferjisat.com\/ca\/wp-json\/wp\/v2\/media?parent=945"}],"curies":[{"name":"wp","href":"https:\/\/api.w.org\/{rel}","templated":true}]}}